{"id":69,"date":"2026-05-08T19:36:28","date_gmt":"2026-05-08T18:36:28","guid":{"rendered":"https:\/\/vwclubfyn.ulabs.dk\/?page_id=69"},"modified":"2026-05-08T19:36:28","modified_gmt":"2026-05-08T18:36:28","slug":"persondata-haandtering","status":"publish","type":"page","link":"https:\/\/vwclubfyn.ulabs.dk\/?page_id=69","title":{"rendered":"Persondata h\u00e5ndtering"},"content":{"rendered":"\n<p><strong>Persondatapolitik \/ Vedt\u00e6gter<\/strong><\/p>\n\n\n\n<p><strong>Introduktion:<\/strong><br>For at kunne ajourf\u00f8re klubbens medlemsliste, er der vigtige personoplysninger, vi har behov for at behandle. Vores persondatapolitik er ment som en hj\u00e6lp til at forst\u00e5, hvilke data vi indsamler, hvorfor vi indsamler dem, og hvad vi anvender dem til. Dette er vigtige oplysninger, s\u00e5 vi h\u00e5ber, at du vil tage dig tid til at l\u00e6se dem.<br>Skulle du have sp\u00f8rgsm\u00e5l, eller \u00f8nsker du yderligere information, er du<br>velkommen til at henvende dig til vores persondataansvarlige:&nbsp;<strong>Lars Voss. Mail: formandvwclubfyn@gmail.com<\/strong><br><br><strong>Dataansvarlig:&nbsp;<\/strong>VWClubFyn<br><br><strong>Vores behandling af dine personoplysninger:<\/strong><br>Vi behandler personoplysninger, som du har udleveret til os i forbindelse med dit medlemskab i VWClubFyn<br>Disse personoplysninger behandler vi for, at kunne ajourf\u00f8re vores medlemsliste og opkr\u00e6vning af kontingent betaling, samt udsendelse af klubblad og andre informationer. Uden disse oplysninger vil vi ikke kunne registrere dig som medlem af foreningen.<br>Typisk drejer det sig om disse personoplysninger:<br>\uf0b7 Navn, adresse, e-mail<br>\uf0b7 Medlemsnummer<\/p>\n\n\n\n<p><strong>Tidsfrister for sletning\/opbevaring:<\/strong><br>Vi str\u00e6ber efter at slette (eller anonymisere) personoplysninger, s\u00e5 snart de ikke har nogen relevans. Dog opbevarer vi dem altid i minimum 5 \u00e5r af hensyn til bogf\u00f8ringsloven.<br>Dine rettigheder efter persondataforordningen i&nbsp;forbindelse med vores behandling af dine personoplysninger har du adskillige rettigheder:<br>\uf0b7 Retten til at modtage oplysning om hvordan vi behandler dine personoplysninger (oplysningspligt).<br>\uf0b7 Retten til at f\u00e5 indsigt i dine personoplysninger.<br>\uf0b7 Retten til at f\u00e5 urigtige personoplysninger rettet.<br>\uf0b7 Retten til at f\u00e5 dine personoplysninger slettet. Her vil dit medlemskab oph\u00f8re.<br>\uf0b7 Retten til at g\u00f8re indsigelse mod at dine personoplysninger anvendes til direkte markedsf\u00f8ring.<br>\uf0b7 Retten til at g\u00f8re indsigelse mod automatiske, individuelle afg\u00f8relser, herunder profilering.<br>\uf0b7 Retten til at flytte dine personoplysninger (dataportabilitet).<\/p>\n\n\n\n<p>Alle ovenst\u00e5ende rettigheder h\u00e5ndteres manuelt ved henvendelse til vores persondataansvarlige.&nbsp;<\/p>\n\n\n\n<p>Vi bestr\u00e6ber os p\u00e5 at vedligeholde vores tjenester p\u00e5 en m\u00e5de, der beskytter oplysninger fra fejlagtig eller skadelig \u00f8del\u00e6ggelse. N\u00e5r vi sletter dine personoplysninger fra vores tjenester, er det derfor muligt, at<br>vi ikke altid kan slette tilh\u00f8rende kopier fra vores arkivservere med det samme, og det er ikke sikkert, at oplysningerne fjernes fra vores sikkerhedskopisystemer.<\/p>\n\n\n\n<p><strong>Oplysninger, som vi videregiver:<\/strong><br>Vi videregiver personlige oplysninger til f\u00f8lgende samarbejdspartnere, hvor oplysningerne vil blive behandlet efter deres persondatalov.<br>Oplysningerne bruges ikke til markedsf\u00f8ring men udelukkende til at overholde de aftaler klubben har indg\u00e5et med dem:<br><strong>Motor Historisk Samr\u00e5d.<\/strong>&nbsp;Bruges til deres medlemsliste samt afregning af vores kontingent.<br><strong>Kopi og Print v\/Holger Br\u00f8rup Hansen<\/strong>. Bruges til udsendelse af klubblad.<br><strong>Howdiaudi<\/strong>. Bruges til kontrol af om man er medlem i forbindelse med brug af vores rabataftale med dem.<br>Vi videregiver ikke personlige oplysninger til enkeltpersoner uden for klubben. Undtagelsen er i disse tilf\u00e6lde:<br>\uf0b7 Med dit samtykke. Her vil formanden kontakte dig inden for samtykke<\/p>\n\n\n\n<p><strong>Informationssikkerhed:<\/strong><br>Vi arbejder for at beskytte klubben mod uautoriseret adgang, \u00e6ndring,<br>offentligg\u00f8relse eller \u00f8del\u00e6ggelse af personoplysninger, som vi lagrer.<\/p>\n\n\n\n<p><strong>Vi har implementeret f\u00f8lgende i klubben:<\/strong><br>\uf0b7 Den medlemsoversigt, som klubben har i dag og som bruges til at sende kontingentopkr\u00e6vninger, programmer og div. andre informationer, er det kun kasserer, formand og n\u00e6stformand som tilser.<br>\uf0b7 De data medlemmerne har opgivet om dem selv, holdes i et lukket forum.<br>\uf0b7 Adgangsbegr\u00e6nsning til personoplysninger \u2013 kun kasserer, formands og n\u00e6stformand.<br>\uf0b7 Vejledning til bestyrelse ang. Tavshedspligt vedr., at behandle personoplysninger.<br>\uf0b7 Ang. Bestyrelsen, har denne af egen fri vilje opgivet navn, adresse, telefonnummer og e-mail adresse. Dette er selvf\u00f8lgelig for, at st\u00e5 til r\u00e5dighed for medlemmerne<\/p>\n\n\n\n<p><strong>Overholdelse og samarbejde med tilsynsmyndigheder:<\/strong><br>Vi gennemg\u00e5r regelm\u00e6ssigt, at vi overholder vores egen<br>persondatapolitik. N\u00e5r vi modtager formelle skriftlige klager, kontakter vi afsenderen for at f\u00f8lge op p\u00e5 klagen.<\/p>\n\n\n\n<p><strong>\u00c6ndringer:<\/strong><br>Vores privatlivspolitik kan \u00e6ndres fra tid til anden. Vi begr\u00e6nser ikke dine rettigheder i henhold til denne privatlivspolitik. Eventuelle \u00e6ndringer af denne privatlivspolitik angives p\u00e5 denne side, og hvis der sker v\u00e6sentlige \u00e6ndringer, vil vi g\u00f8re opm\u00e6rksom p\u00e5 dem p\u00e5 en mere i\u00f8jnefaldende m\u00e5de.<br>Betaling af kontingent til klubben betr\u00e6kkes som accept af ovenst\u00e5ende persondatapolitik.<\/p>\n","protected":false},"excerpt":{"rendered":"<p>Persondatapolitik \/ Vedt\u00e6gter Introduktion:For at kunne ajourf\u00f8re klubbens medlemsliste, er der vigtige personoplysninger, vi har behov for at behandle. Vores persondatapolitik er\u2026<\/p>\n","protected":false},"author":1,"featured_media":0,"parent":0,"menu_order":0,"comment_status":"closed","ping_status":"closed","template":"","meta":{"ngg_post_thumbnail":0,"footnotes":""},"class_list":["post-69","page","type-page","status-publish","hentry"],"_links":{"self":[{"href":"https:\/\/vwclubfyn.ulabs.dk\/index.php?rest_route=\/wp\/v2\/pages\/69","targetHints":{"allow":["GET"]}}],"collection":[{"href":"https:\/\/vwclubfyn.ulabs.dk\/index.php?rest_route=\/wp\/v2\/pages"}],"about":[{"href":"https:\/\/vwclubfyn.ulabs.dk\/index.php?rest_route=\/wp\/v2\/types\/page"}],"author":[{"embeddable":true,"href":"https:\/\/vwclubfyn.ulabs.dk\/index.php?rest_route=\/wp\/v2\/users\/1"}],"replies":[{"embeddable":true,"href":"https:\/\/vwclubfyn.ulabs.dk\/index.php?rest_route=%2Fwp%2Fv2%2Fcomments&post=69"}],"version-history":[{"count":1,"href":"https:\/\/vwclubfyn.ulabs.dk\/index.php?rest_route=\/wp\/v2\/pages\/69\/revisions"}],"predecessor-version":[{"id":70,"href":"https:\/\/vwclubfyn.ulabs.dk\/index.php?rest_route=\/wp\/v2\/pages\/69\/revisions\/70"}],"wp:attachment":[{"href":"https:\/\/vwclubfyn.ulabs.dk\/index.php?rest_route=%2Fwp%2Fv2%2Fmedia&parent=69"}],"curies":[{"name":"wp","href":"https:\/\/api.w.org\/{rel}","templated":true}]}}