{"id":57,"date":"2026-05-08T19:28:43","date_gmt":"2026-05-08T18:28:43","guid":{"rendered":"https:\/\/vwclubfyn.ulabs.dk\/?page_id=57"},"modified":"2026-05-08T19:29:13","modified_gmt":"2026-05-08T18:29:13","slug":"traef-2019","status":"publish","type":"page","link":"https:\/\/vwclubfyn.ulabs.dk\/?page_id=57","title":{"rendered":"Tr\u00e6f 2019"},"content":{"rendered":"\n<p><a href=\"https:\/\/vwclubfyn.dk\/\"><\/a><\/p>\n\n\n\n<p>ER AFHOLDT, men lader denne st\u00e5, s\u00e5 evt medlemmer der ikke har v\u00e6ret med, kan se hvordan weekend var tilrettelagt, s\u00e5 h\u00e5ber vi at se jer n\u00e6ste gang \ud83d\ude09\u00a0<br><br>Facebookside:\u00a0<a href=\"https:\/\/www.facebook.com\/events\/2282603932024377\/\">https:\/\/www.facebook.com\/events\/2282603932024377\/<\/a><\/p>\n\n\n\n<p>Beretning fra weekenden<\/p>\n\n\n\n<p><strong>VW-Club Fyn Weekendtr\u00e6f 2019<\/strong><\/p>\n\n\n\n<p>Vejrudsigten havde vekslet mellem sol og regn i ugen op til tr\u00e6ffet, s\u00e5 da campingvognen blev pakket, var der b\u00e5de gummist\u00f8vler og sandaler med \u2013 Pyt med det, vi skulle p\u00e5 weekend med en masse dejlige folk, som har -eller har en mand\/kone der har stor interesse for luftk\u00f8lede k\u00f8ret\u00f8j.<br><br>Allerede fredag ved middagstid da vi ankom til Vejlby fed Strand Camping, var folk begyndt at ankomme, og der var gang i campingpladsen.&nbsp; Som eftermiddagen skred frem, kom der flere og hyggen begyndte at sprede sig rundt omkring p\u00e5 pladsen. N\u00e5r vi gik ned af vejen, s\u00e5 skulle der lige g\u00f8res hold her og hold der, for manden skulle lige hilsen p\u00e5, se lidt her og lidt der, eller lige h\u00f8re om den dims eller \u2026\u2026\u2026\u2026 Det var ikke kun ham der gjorde det, det var mere reglen end undtagelsen.<br><br>Vi var en flok fra VW-Club Fyn der l\u00e5 samlet bagest p\u00e5 campingpladsen og her ankom sidste hold ved 17-tiden. Da alle telte, campletter og campingvogne var sat op og gjort klar, gik turen til teltet med vores medbragte mad. Nogen grillede, andre k\u00f8bte i Elleb\u00e6ks p\u00f8lsevogn \u2013 som i \u00f8vrigt stod der hele weekenden \u2013 ogs\u00e5 blev der ellers hygget, grinet og snakket biler i l\u00f8bet af aftenen alt imens at der ankom en lind str\u00f8m af bobler, busser, buggyer og andre luftk\u00f8lede biler.<br>Nogle sad i det store telt, andre sad under deres egne medbragte pavilloner, nede ved bilerne p\u00e5 pladsen.<br><br>L\u00f8rdag morgen stod vi op til den sk\u00f8nneste sol \u2013 det kunne kun blive en god dag og det gjorde det.<br>Tr\u00e6ffolket som havde arrangeret tr\u00e6ffet, havde v\u00e6ret tidligt oppe og hente morgenbr\u00f8d, lave kaffe og g\u00f8re klar, s\u00e5 vi andre bare kunne s\u00e6tte os til bordet og nyde morgenmaden.<br><br>Kl. 10.00 var ca. 50 biler klar til at k\u00f8re en tur ud i det bl\u00e5. En dejlig tur ud i det fynske. Vi k\u00f8rte fra Vejlby fed, over B\u00e5ring Mark, gennem skoven mod Vedelshave, videre langs stranden til Varbjerg strand, hvor der blev holdt pause \u2013 igen gik snakken.<br>Efter pausen k\u00f8rte vi mod Brenderup, derfra mod B\u00e5ring \u2013 op af B\u00e5ring bakke som har en stigning p\u00e5 42 meter over de 800 meter den er, dette svarer til en gennemsnitlig stigning p\u00e5 5,3%. Vi kunne godt m\u00e6rke forskel fra dagen i forvejen hvor der var campingvogn p\u00e5 og til nu hvor vi var uden. Sjovt at se udviklingen p\u00e5 vores \u201dgamle\u201d biler og til de nye biler p\u00e5 denne bakke, her kan vi se hvor meget bilerne har udviklet sig. I de nye biler, k\u00f8re vi bare op, men i de gamle biler, kan vi godt m\u00e6rke at de skal arbejde.<br>Vi k\u00f8rte igennem B\u00e5ring og retur mod Vejlby fed.<br>Det er ikke kun os bilgale folk der nyder s\u00e5dan en tur. Flere \u201dnormale\u201d folk stoppede op i deres g\u00f8rem\u00e5l eller holdt stille for at kikke eller filme den lange r\u00e6kke af gamle biler der kom k\u00f8rende. Som vi talte om, er det sk\u00f8nt at se folk st\u00e5 og smile, vinke eller tage billeder\/filme, man kan se at ogs\u00e5 de f\u00e5 en oplevelse af det.<br>Jeg er sikker p\u00e5 at flere bedstefor\u00e6ldre fik fortalt b\u00f8rneb\u00f8rnene en r\u00f8verhistorie eller to om de gode gamle dage, efter at ha\u2019 set alle bilerne.<br><br>Efter turen blev bilerne udstillet p\u00e5 P-pladsen foran campingpladsen og der kom folk som beundre de gamle biler, og fik en god snak med mange af ejerne til bilerne, alt i mens blev der atter snakket p\u00e5 kryds og tv\u00e6rs, udvekslet erfaringer og drillet mellem bilejerne.<br>Det skulle vise sig at netop denne l\u00f8rdag var \u00e5rets sidste sommerdag, s\u00e5 alle rykkede udenfor og sad imellem bilerne, hvilket giver en helt speciel hygge.<br>Elleb\u00e6ks p\u00f8lsevogn s\u00f8rgede igen for at stille sulten med p\u00f8lser, og ribbenstegssandwich hos de folk som ikke selv havde medbragt mad.<br><br>F\u00e6llesspisningen l\u00f8rdag aften trak en del til, s\u00e5 vi endte oppe p\u00e5 den anden side af 100 pers, igen blev der hygget p\u00e5 kryds og tv\u00e6rs. Her stod Elleb\u00e6k atter klar med l\u00e6kker mad til de sultne maver.<br>Derefter var der amerikansk lotteri med gaver der alle var sponsorerede fra forskellige firmaer 364 stk. i alt. Nogle gik hjem med flere (mange) gaver og andre gik hjem med gl\u00e6den over at have held i k\u00e6rligheden i stedet&nbsp;\ud83d\ude09<\/p>\n\n\n\n<p><br>Pr\u00e6mier for bilerne blev uddelt.<br><strong><u>Kids choice<\/u><\/strong>&nbsp;gik til: Miro, type 1 baja<\/p>\n\n\n\n<p><strong><u>People\u2019s choice:<\/u><\/strong><br>1. Pladsen gik til John. Type 1 oval<br>2. Pladsen gik til Miro. Type 1 baja<br>3. Pladsen gik til Christian. Type 1<br>4. Pladsen gik til Henrik. Type 1<br>5.Pladsen gik til Tim. Buggy<\/p>\n\n\n\n<p><br><br>Nogle oplevede nattens tordenvejr i v\u00e5gen tilstand, andre blev v\u00e6kket, men jeg tror ikke at nogen sov fra det \u2013 der var sm\u00e6k p\u00e5, en sk\u00f8n sommerdag blev udskiftet med regn og k\u00f8ligere vejr. Det kunne m\u00e6rkes da vi n\u00e6ste morgen igen stod op til et morgenbord, hvor vi igen bare kunne s\u00e6tte os til, der var kommet lidt mere t\u00f8j p\u00e5. Herefter blev der hilst af og sagt p\u00e5 gensyn.<\/p>\n\n\n\n<p><br>Det store telt blev pakket ned og pakket sammen, ogs\u00e5 gik turen hjem over i regnvejr, pyt med det, det gode vejr havde v\u00e6ret med os hele weekenden. &nbsp;<\/p>\n\n\n\n<p>Vi var fyldt op og m\u00e6ttet efter en dejlig weekend. En weekend hvor nye og gamle m\u00f8des \u2013 m\u00f8des om det som alle har del i, enten som \u00e6gtef\u00e6lle eller som den der st\u00e5r med fingrene i motoren. Selvom vi ikke lige kender sidemanden i dag, s\u00e5 g\u00f8r vi det i morgen, flere nye venskaber blev etableret. &nbsp;Et f\u00e6llesskab som er s\u00e5 fedt at opleve \u2013 ogs\u00e5 for os som m\u00e5ske ikke lige f\u00e5r sorte finger.<\/p>\n\n\n\n<p>&nbsp;<br>En weekend der ikke vil kunne lade sig g\u00f8re uden at der er gjort et stort stykke arbejde forud.<br>Stor TAK til jer, der har lavet det store arbejde, for at vi andre kan nyde det.<br><br>Jeg h\u00e5ber at der atter i 2021 bliver tr\u00e6f, og hvis der g\u00f8r, s\u00e5 er jeg sikker p\u00e5 at vi ses&nbsp;\ud83d\ude0a<br>Tina Krogh.<br>&nbsp;<\/p>\n\n\n\n<p><br><br><strong>Program&nbsp;<br>Fredag:<\/strong><br>Kl. 16 Tr\u00e6ffet starter\/ baren \u00e5bner<br>Kl. 18 P\u00f8lsevognen er \u00e5ben og der er t\u00e6ndt op i grillen, s\u00e5 folk kan grille medbragt mad.&nbsp;<br>Spisning og hygge i teltet resten af aftenen.<\/p>\n\n\n\n<p><br><strong>L\u00f8rdag:<\/strong><br>Kl. 8-9.30 Morgenmad i teltet<br>Kl. 10 F\u00e6llescruise i Vejlby Fed\/Middelfart omr\u00e5det.<br>Kl. 12-17 Udstilling af bilerne p\u00e5 pladsen.<br>Kl. 13-16 Aktiviteter for b\u00f8rn i teltet.<br>Kl. 19 Spisning i teltet, Buffet er opstillet for dem der har bestilt dette. Vil man selv grille er der t\u00e6ndt op i grill ved teltet.<br>Kl. 21 Efter endt spisning vil der v\u00e6re pr\u00e6mieoverr\u00e6kkelse til vinderne af udstillingen samt amerikansk lotteri<\/p>\n\n\n\n<p><strong>S\u00f8ndag:<\/strong><br>Kl. 8-9.30 Morgen mad i teltet. Derefter afskedskram.&nbsp;<br>Efter kl. 11 st\u00e5r teltet ikke l\u00e6ngere til vores r\u00e5dighed, da dette skal pilles ned og gemmes v\u00e6k for vinteren!!<\/p>\n\n\n\n<p><a href=\"https:\/\/www.nemmehjemmesider.dk\/\" target=\"_blank\" rel=\"noreferrer noopener\">Hjemmeside fra NemmeHjemmesider.dk<\/a><\/p>\n\n\n\n<p><img decoding=\"async\" src=\"https:\/\/vwclubfyn.dk\/wp-content\/uploads\/sites\/173\/2026\/04\/460402Traef2019.jpg\" alt=\"\"><\/p>\n\n\n\n<p><a href=\"https:\/\/nemmehjemmesider.dk\/\" target=\"_blank\" rel=\"noreferrer noopener\">Lavet med NemmeHjemmesider.dk<\/a><\/p>\n","protected":false},"excerpt":{"rendered":"<p>ER AFHOLDT, men lader denne st\u00e5, s\u00e5 evt medlemmer der ikke har v\u00e6ret med, kan se hvordan weekend var tilrettelagt, s\u00e5 h\u00e5ber\u2026<\/p>\n","protected":false},"author":1,"featured_media":0,"parent":9,"menu_order":0,"comment_status":"closed","ping_status":"closed","template":"","meta":{"ngg_post_thumbnail":0,"footnotes":""},"class_list":["post-57","page","type-page","status-publish","hentry"],"_links":{"self":[{"href":"https:\/\/vwclubfyn.ulabs.dk\/index.php?rest_route=\/wp\/v2\/pages\/57","targetHints":{"allow":["GET"]}}],"collection":[{"href":"https:\/\/vwclubfyn.ulabs.dk\/index.php?rest_route=\/wp\/v2\/pages"}],"about":[{"href":"https:\/\/vwclubfyn.ulabs.dk\/index.php?rest_route=\/wp\/v2\/types\/page"}],"author":[{"embeddable":true,"href":"https:\/\/vwclubfyn.ulabs.dk\/index.php?rest_route=\/wp\/v2\/users\/1"}],"replies":[{"embeddable":true,"href":"https:\/\/vwclubfyn.ulabs.dk\/index.php?rest_route=%2Fwp%2Fv2%2Fcomments&post=57"}],"version-history":[{"count":1,"href":"https:\/\/vwclubfyn.ulabs.dk\/index.php?rest_route=\/wp\/v2\/pages\/57\/revisions"}],"predecessor-version":[{"id":58,"href":"https:\/\/vwclubfyn.ulabs.dk\/index.php?rest_route=\/wp\/v2\/pages\/57\/revisions\/58"}],"up":[{"embeddable":true,"href":"https:\/\/vwclubfyn.ulabs.dk\/index.php?rest_route=\/wp\/v2\/pages\/9"}],"wp:attachment":[{"href":"https:\/\/vwclubfyn.ulabs.dk\/index.php?rest_route=%2Fwp%2Fv2%2Fmedia&parent=57"}],"curies":[{"name":"wp","href":"https:\/\/api.w.org\/{rel}","templated":true}]}}